{"id":9,"date":"2013-06-30T11:52:10","date_gmt":"2013-06-30T10:52:10","guid":{"rendered":"http:\/\/www.veroniquenguyen.com\/?page_id=9"},"modified":"2015-12-14T09:00:54","modified_gmt":"2015-12-14T08:00:54","slug":"recherche","status":"publish","type":"page","link":"http:\/\/www.veroniquenguyen.com\/en\/recherche\/","title":{"rendered":"Recherche"},"content":{"rendered":"<strong>Academic Journals<\/strong><\/p>\n<p><a href=\"https:\/\/www.cairn.info\/load_pdf.php?download=1&amp;ID_ARTICLE=RIPS_040_0143\">Avec Charles-Henri Besseyre des Horts, \u00ab\u00a0Satisfaction, Implication, Engagement, Enracinement et Intention de D\u00e9part des jeunes Cadres\u00a0: une Relation Ambig\u00fce\u00bb, Revue Internationale de Psychosociologie, vol. XVI, n\u00b040, hiver 2010<\/a>.<\/p>\n<p><strong>Working Papers<\/strong><\/p>\n<p><a href=\"http:\/\/www.hec.edu\/heccontent\/download\/4756\/133816\/version\/4\/file\/CR949_L%C3%B6ning_Nguyen_Tan_Hon.pdf\">avec H\u00e9l\u00e8ne L\u00f6ning, \u00abUne \u00e9tude empirique sur les d\u00e9bats et conflits lors de l\u2019\u00e9laboration du budget\u00bb, cahier de recherche HEC, Paris, 2011.<\/a><\/p>\n<p>\u00ab\u00a0Gouvernement d\u2019entreprise\u00a0: perspectives de d\u00e9veloppement en France et \u00e0 l\u2019\u00e9tranger\u00a0\u00bb, Etude n\u00b0 25 du Club Finance International, Groupe HEC, 1996.<\/p>\n<p>avec Dang Pham, \u00ab\u00a0Une revue de quelques aspects de la comptabilit\u00e9 positive et de sa critique\u00a0\u00bb, cahier de recherche HEC, CR 661\/1999.<\/p>\n<p>&nbsp;<\/p>\n<p><strong>PhD Thesis<\/strong><\/p>\n<p><a href=\"http:\/\/tel.archives-ouvertes.fr\/index.php?halsid=0js7k0pfl11vss7os20puhemi0&amp;view_this_doc=tel-00472470&amp;version=1\">\u00ab\u00a0D\u00e9bat et conflit lors de l\u2019\u00e9laboration du budget\u00a0\u00bb, Ecole des Hautes Etudes Commerciales de Paris, 2008.<\/a>","protected":false},"excerpt":{"rendered":"<p>Academic Journals Avec Charles-Henri Besseyre des Horts, \u00ab\u00a0Satisfaction, Implication, Engagement, Enracinement et Intention de D\u00e9part des jeunes Cadres\u00a0: une Relation Ambig\u00fce\u00bb, Revue Internationale de Psychosociologie, vol. XVI, n\u00b040, hiver 2010. Working Papers avec H\u00e9l\u00e8ne L\u00f6ning, \u00abUne \u00e9tude empirique sur les d\u00e9bats et conflits lors de l\u2019\u00e9laboration du budget\u00bb, cahier de&#8230;<\/p>\n","protected":false},"author":1,"featured_media":0,"parent":0,"menu_order":0,"comment_status":"closed","ping_status":"closed","template":"","meta":[],"_links":{"self":[{"href":"http:\/\/www.veroniquenguyen.com\/en\/wp-json\/wp\/v2\/pages\/9"}],"collection":[{"href":"http:\/\/www.veroniquenguyen.com\/en\/wp-json\/wp\/v2\/pages"}],"about":[{"href":"http:\/\/www.veroniquenguyen.com\/en\/wp-json\/wp\/v2\/types\/page"}],"author":[{"embeddable":true,"href":"http:\/\/www.veroniquenguyen.com\/en\/wp-json\/wp\/v2\/users\/1"}],"replies":[{"embeddable":true,"href":"http:\/\/www.veroniquenguyen.com\/en\/wp-json\/wp\/v2\/comments?post=9"}],"version-history":[{"count":10,"href":"http:\/\/www.veroniquenguyen.com\/en\/wp-json\/wp\/v2\/pages\/9\/revisions"}],"predecessor-version":[{"id":863,"href":"http:\/\/www.veroniquenguyen.com\/en\/wp-json\/wp\/v2\/pages\/9\/revisions\/863"}],"wp:attachment":[{"href":"http:\/\/www.veroniquenguyen.com\/en\/wp-json\/wp\/v2\/media?parent=9"}],"curies":[{"name":"wp","href":"https:\/\/api.w.org\/{rel}","templated":true}]}}